{"id":409,"date":"2017-01-23T13:24:12","date_gmt":"2017-01-23T13:24:12","guid":{"rendered":"http:\/\/gral.unipi.it\/?page_id=409"},"modified":"2017-01-23T13:27:02","modified_gmt":"2017-01-23T13:27:02","slug":"convenzione-dottorato-in-scienze-dellantichita-e-archeologia","status":"publish","type":"page","link":"https:\/\/gral.unipi.it\/convenzione-dottorato-in-scienze-dellantichita-e-archeologia\/","title":{"rendered":"Convenzione Dottorato in Scienze dell&#8217;Antichit\u00e0 e Archeologia"},"content":{"rendered":"<p style=\"text-align: center;\"><em>Convenzione<\/em><em>\u00a0<\/em><\/p>\n<p>Tra il Centro Interuniversitario \u201cIncontro di Culture. Greco Arabo, Latino (GrAL)\u201d (Universit\u00e0 di Pisa, Universit\u00e0 di Padova, Ecole Pratique des Hautes Etudes Paris) e il Dottorato di Ricerca in Scienze dell\u2019Antichit\u00e0 e Archeologia con sede amministrativa presso il Dipartimento di Filologia, Letteratura, Linguistica dell\u2019Universit\u00e0 di Pisa, tenuto conto delle finalit\u00e0, delle limitazioni e degli obblighi di ciascuna delle parti<\/p>\n<p style=\"text-align: center;\">Si conviene quanto segue:<\/p>\n<p>Il Centro Interuniversitario \u201cIncontro di Culture. Greco Arabo, Latino (GrAL)\u201d collabora ai progetti formativi del Dottorato di Ricerca in Scienze dell\u2019Antichit\u00e0 e Archeologia impegnandosi a:<\/p>\n<ul>\n<li>Organizzare annualmente a Pisa, o in una delle altre sedi del Centro (Universit\u00e0 di Padova, \u00c9cole Pratique des Hautes \u00c9tudes Paris) una settimana di alta formazione, con la partecipazione di docenti internazionali, intorno ad un tema legato alla trasmissione del sapere filosofico e scientifico greco nel mondo arabo e latino, nel Medioevo;<\/li>\n<li>fornire agli allievi vitto e materiali scientifici durante la suddetta Settimana di formazione;<\/li>\n<li>garantire agli allievi assistenza scientifica e formativa con la possibilit\u00e0 di seguire seminari nelle tre sedi del Centro durante tutto il corso dell\u2019anno accademico;<\/li>\n<li>offrire agli allievi la possibilit\u00e0 di pubblicare articoli e monografie tratte dalla tesi di dottorato nella collana editoriale del Centro, \u201cLe vie del Sapere. Greco, Arabo, Latino\u201d, presso la casa editrice Pisa University Press (PUP).<\/li>\n<\/ul>\n<p>Gli allievi sono accolti gratuitamente nella settimana di formazione e in ogni altra iniziativa seminariale organizzata dal Centro GrAL. Le spese di viaggio e di mantenimento sono a carico degli allievi. Le candidature, con il curriculum e il progetto di ricerca, dovranno pervenire entro il mese di marzo di ogni anno e saranno esaminate entro il mese successivo dal Consiglio Scientifico del Centro Interuniversitario \u201cIncontro di Culture. Greco Arabo, Latino (GrAL)\u201d che selezioner\u00e0 i sei allievi che potranno essere accolti nella settimana di formazione di riferimento.<\/p>\n<p>Il Centro Interuniversitario \u201cIncontro di Culture. Greco Arabo, Latino (GrAL)\u201d e il Dottorato di Ricerca in Scienze dell\u2019Antichit\u00e0 e Archeologia concordano che in caso di presentazione pubblica dei risultati della ricerca degli allievi (convegni, seminari, conferenze, workshop) e nelle pubblicazioni (articoli e monografie a stampa o digitali) la supervisione scientifica del Centro Interuniversitario \u201cIncontro di Culture\u201d al progetto di dottorato sia espressamente citata. Nel caso in cui il lavoro sia pubblicato nella collana editoriale del Centro Interuniversitario \u201cIncontro di Culture\u201d sar\u00e0 parimenti espressamente indicato il Dottorato di Ricerca in Scienze dell\u2019Antichit\u00e0 e Archeologia e l\u2019Ateneo promotori della ricerca.<\/p>\n<p>Il Centro Interuniversitario \u201cIncontro di Culture\u201d e il Dottorato di Ricerca in Scienze dell\u2019Antichit\u00e0 e Archeologia potranno eventualmente compartecipare, di comune accordo, all\u2019adempimento delle spese di pubblicazione e stampa dei risultati delle ricerche.<\/p>\n<p>La presente convenzione ha la durata di tre anni accademici (anni 2016\/2017, 2017\/2018, 2018\/2019), al termine dei quali potr\u00e0 essere rinnovata.<\/p>\n","protected":false},"excerpt":{"rendered":"<p>Convenzione\u00a0 Tra il Centro Interuniversitario \u201cIncontro di Culture. Greco Arabo, Latino (GrAL)\u201d (Universit\u00e0 di Pisa, Universit\u00e0 di Padova, Ecole Pratique des Hautes Etudes Paris) e il Dottorato di Ricerca in Scienze dell\u2019Antichit\u00e0 e Archeologia con sede amministrativa presso il Dipartimento di Filologia, Letteratura, Linguistica dell\u2019Universit\u00e0 di Pisa, tenuto conto delle&hellip;<\/p>\n","protected":false},"author":2,"featured_media":327,"parent":0,"menu_order":0,"comment_status":"closed","ping_status":"closed","template":"","meta":{"footnotes":""},"class_list":["post-409","page","type-page","status-publish","has-post-thumbnail","hentry"],"_links":{"self":[{"href":"https:\/\/gral.unipi.it\/wp-json\/wp\/v2\/pages\/409","targetHints":{"allow":["GET"]}}],"collection":[{"href":"https:\/\/gral.unipi.it\/wp-json\/wp\/v2\/pages"}],"about":[{"href":"https:\/\/gral.unipi.it\/wp-json\/wp\/v2\/types\/page"}],"author":[{"embeddable":true,"href":"https:\/\/gral.unipi.it\/wp-json\/wp\/v2\/users\/2"}],"replies":[{"embeddable":true,"href":"https:\/\/gral.unipi.it\/wp-json\/wp\/v2\/comments?post=409"}],"version-history":[{"count":3,"href":"https:\/\/gral.unipi.it\/wp-json\/wp\/v2\/pages\/409\/revisions"}],"predecessor-version":[{"id":413,"href":"https:\/\/gral.unipi.it\/wp-json\/wp\/v2\/pages\/409\/revisions\/413"}],"wp:featuredmedia":[{"embeddable":true,"href":"https:\/\/gral.unipi.it\/wp-json\/wp\/v2\/media\/327"}],"wp:attachment":[{"href":"https:\/\/gral.unipi.it\/wp-json\/wp\/v2\/media?parent=409"}],"curies":[{"name":"wp","href":"https:\/\/api.w.org\/{rel}","templated":true}]}}