{"id":4,"date":"2016-04-21T11:46:14","date_gmt":"2016-04-21T11:46:14","guid":{"rendered":"http:\/\/gral.unipi.it\/?page_id=4"},"modified":"2025-02-10T20:34:22","modified_gmt":"2025-02-10T20:34:22","slug":"membri","status":"publish","type":"page","link":"https:\/\/gral.unipi.it\/membri\/","title":{"rendered":"Membri"},"content":{"rendered":"<p><strong>Direttore<\/strong>: \u00a0Cristina D&#8217;Ancona (Universit\u00e0 di Pisa)<\/p>\n<p>Dal 2006 al 2011 il centro GRAL \u00e8 stato diretto da Gianfranco Fioravanti (Universit\u00e0 di Pisa); dal 2011 al 2021 \u00e8 stato diretto da Mauro Tulli (Universit\u00e0 di Pisa).<\/p>\n<p><strong>Decano<\/strong>: Gianfranco Fioravanti\u00a0(Universit\u00e0 di Pisa)<\/p>\n<h4><span style=\"color: #800000;\"><strong>Membri del Comitato scientifico del Centro<\/strong><\/span><\/h4>\n<p><strong>Filologia e codicologia greca e latina:<\/strong><\/p>\n<p>Gianluigi Baldo (Universit\u00e0 di Padova), Antonio Carlini (Universit\u00e0 di Pisa), Michele Corradi (Universit\u00e0 di Pisa), Tiziano Dorandi (CNRS, Paris), Concetta Luna (SNS Pisa), Mariella Menchelli (Universit\u00e0 degli Studi di Napoli Federico II), Lorenzo Nosarti (Universit\u00e0 di Padova), Federico Maria Petrucci (Universit\u00e0 di Torino), Mario Regali (Universit\u00e0 degli Studi di Napoli Federico II), Mauro Tulli (Universit\u00e0 di Pisa).<\/p>\n<p><strong>Filosofia antica e tardo antica:<\/strong><\/p>\n<p>Giovanni Catapano (Universit\u00e0 di Padova), \u00a0Bruno Centrone (Universit\u00e0 di Pisa), Riccardo Chiaradonna (Universit\u00e0 Roma Tre), Elisa Coda (Universit\u00e0 di Pisa), Cristina D&#8217;Ancona (Universit\u00e0 di Pisa), Marco Di Branco (Universit\u00e0 di Roma &#8220;La Sapienza&#8221;), Franco Ferrari (Universit\u00e0 di Pavia), Philippe Hoffmann (\u00c9cole Pratique des Hautes \u00c9tudes, Paris), Francesco Pelosi (Universit\u00e0 di Pisa), Federico Maria Petrucci (Universit\u00e0 di Torino), Mario Regali (Universit\u00e0 degli Studi di Napoli Federico II), Maria Michela Sassi (Universit\u00e0 di Pisa), Daniela Taormina (Universit\u00e0 di Roma TorVergata),\u00a0 Marco Zambon (Universit\u00e0 di Padova).<\/p>\n<p><strong>Lingua e letteratura araba:<\/strong><\/p>\n<p>Issam Marjani (Universit\u00e0 di Pisa), Daniele Mascitelli (Universit\u00e0 di Pisa)<\/p>\n<p><strong>Letteratura siriaca:<\/strong><\/p>\n<p>Paolo Bettiolo (Universit\u00e0 di Padova), Pier Giorgio Borbone (Universit\u00e0 di Pisa), Henri Hugonnard-Roche (\u00c9cole Pratique des Hautes \u00c9tudes, Paris).<\/p>\n<p><strong>Filosofia medievale araba:<\/strong><\/p>\n<p>Carmela Baffioni (Accademia dei Lincei Roma, Institute of Ismaili Studies Oxford), Cristina D\u2019Ancona (Universit\u00e0 di Pisa), Marco Di Branco (Universit\u00e0 di Roma &#8220;La Sapienza&#8221;), Marc Geoffroy (\u2020), Cecilia Martini Bonadeo (Universit\u00e0 di Padova), \u00a0Giuseppe Serra (Universit\u00e0 di Padova) .<\/p>\n<p><strong>Storia del pensiero ebraico medievale:<\/strong><\/p>\n<p>Pier Giorgio Borbone (Universit\u00e0 di Pisa), \u00a0Elisa Coda (Universit\u00e0 di Pisa), Marc Geoffroy (\u2020).<\/p>\n<p><strong>Filosofia medievale latina:<\/strong><\/p>\n<p>Luca Bianchi (Universit\u00e0 di Milano), Marta Borgo (Commissio Leonina, Paris), Francesco Bottin (Universit\u00e0 di Padova), Giovanni Catapano (Universit\u00e0 di Padova), Amos Corbini (Universit\u00e0 di Torino), Iacopo Costa (Commissio Leonina, Paris), Cristina D&#8217;Ancona (Universit\u00e0 di Pisa), Silvia Donati (Albertus-Magnus Institut Bonn), Gianfranco Fioravanti (Universit\u00e0 di Pisa), Enrico Moro (Universit\u00e0 di Padova), Stefano Perfetti (Universit\u00e0 di Pisa).<\/p>\n","protected":false},"excerpt":{"rendered":"<p>Direttore: \u00a0Cristina D&#8217;Ancona (Universit\u00e0 di Pisa) Dal 2006 al 2011 il centro GRAL \u00e8 stato diretto da Gianfranco Fioravanti (Universit\u00e0 di Pisa); dal 2011 al 2021 \u00e8 stato diretto da Mauro Tulli (Universit\u00e0 di Pisa). Decano: Gianfranco Fioravanti\u00a0(Universit\u00e0 di Pisa) Membri del Comitato scientifico del Centro Filologia e codicologia greca&hellip;<\/p>\n","protected":false},"author":1,"featured_media":25,"parent":0,"menu_order":0,"comment_status":"closed","ping_status":"open","template":"","meta":{"footnotes":""},"class_list":["post-4","page","type-page","status-publish","has-post-thumbnail","hentry"],"_links":{"self":[{"href":"https:\/\/gral.unipi.it\/wp-json\/wp\/v2\/pages\/4","targetHints":{"allow":["GET"]}}],"collection":[{"href":"https:\/\/gral.unipi.it\/wp-json\/wp\/v2\/pages"}],"about":[{"href":"https:\/\/gral.unipi.it\/wp-json\/wp\/v2\/types\/page"}],"author":[{"embeddable":true,"href":"https:\/\/gral.unipi.it\/wp-json\/wp\/v2\/users\/1"}],"replies":[{"embeddable":true,"href":"https:\/\/gral.unipi.it\/wp-json\/wp\/v2\/comments?post=4"}],"version-history":[{"count":39,"href":"https:\/\/gral.unipi.it\/wp-json\/wp\/v2\/pages\/4\/revisions"}],"predecessor-version":[{"id":1275,"href":"https:\/\/gral.unipi.it\/wp-json\/wp\/v2\/pages\/4\/revisions\/1275"}],"wp:featuredmedia":[{"embeddable":true,"href":"https:\/\/gral.unipi.it\/wp-json\/wp\/v2\/media\/25"}],"wp:attachment":[{"href":"https:\/\/gral.unipi.it\/wp-json\/wp\/v2\/media?parent=4"}],"curies":[{"name":"wp","href":"https:\/\/api.w.org\/{rel}","templated":true}]}}