{"id":2,"date":"2015-02-19T04:39:32","date_gmt":"2015-02-19T04:39:33","guid":{"rendered":"http:\/\/localhost:8080\/wordpress-4.1.1\/wordpress\/?page_id=2"},"modified":"2026-03-19T10:08:21","modified_gmt":"2026-03-19T10:08:21","slug":"sample-page","status":"publish","type":"page","link":"https:\/\/gral.unipi.it\/","title":{"rendered":""},"content":{"rendered":"\r\n<div class=\"wp-block-cover alignfull has-parallax\" style=\"min-height: 465px;aspect-ratio:unset;\">\r\n<div class=\"wp-block-cover__image-background wp-image-40 size-full has-parallax\" style=\"background-position: 50% 50%; background-image: url('http:\/\/gral.unipi.it\/wp-content\/uploads\/2016\/04\/Gral-2014.jpg');\">\u00a0<\/div>\r\n<div class=\"wp-block-cover__inner-container is-layout-flow wp-block-cover-is-layout-flow\">\r\n<p>&nbsp;<\/p>\r\n\r\n\r\n\r\n<p>&nbsp;<\/p>\r\n\r\n\r\n\r\n<p>&nbsp;<\/p>\r\n\r\n\r\n\r\n<p>&nbsp;<\/p>\r\n\r\n\r\n\r\n<h2 class=\"wp-block-heading alignwide has-white-color has-text-color\" style=\"font-size: 48px; line-height: 1.2;\"><strong>La trasmissione testi filosofici:<\/strong><br \/><strong>dalla tarda antichit\u00e0 al medioevo arabo e cristiano<\/strong><\/h2>\r\n\r\n\r\n\r\n<div class=\"wp-block-columns alignwide is-layout-flex wp-container-core-columns-is-layout-9d6595d7 wp-block-columns-is-layout-flex\">\r\n<div class=\"wp-block-column is-layout-flow wp-block-column-is-layout-flow\" style=\"flex-basis: 60%;\">\r\n<p><strong>Attivit\u00e0 formativa di specializzazione\u00a0rivolta a dottorandi e laureandi<\/strong><\/p>\r\n\r\n\r\n\r\n<p>&nbsp;<\/p>\r\n\r\n\r\n\r\n<div class=\"wp-block-buttons is-layout-flex wp-block-buttons-is-layout-flex\"><\/div>\r\n<\/div>\r\n<\/div>\r\n<\/div>\r\n<\/div>\r\n\r\n\r\n\r\n<div class=\"wp-block-cover alignfull is-light has-contrast-color has-text-color has-link-color wp-elements-9aaae099e8c482ceba2f2ded311b8fc7\" style=\"margin-top: 0; margin-bottom: 0; min-height: 565px; padding: var(--wp--preset--spacing--60) var(--wp--preset--spacing--50) var(--wp--preset--spacing--60) var(--wp--preset--spacing--50);aspect-ratio:unset;\">\r\n<div class=\"wp-block-cover__inner-container is-layout-constrained wp-container-core-cover-is-layout-d2c42570 wp-block-cover-is-layout-constrained\">\r\n<div class=\"wp-block-columns alignwide is-layout-flex wp-container-core-columns-is-layout-a2d7b65f wp-block-columns-is-layout-flex\">\r\n<div class=\"wp-block-column is-layout-flow wp-block-column-is-layout-flow\" style=\"flex-basis: 65%;\">\r\n<div class=\"wp-block-group is-vertical is-content-justification-stretch is-layout-flex wp-container-core-group-is-layout-b16ad781 wp-block-group-is-layout-flex\">\r\n<p class=\"is-style-default\">Fondato nel 2006 da un accordo quadro tra l&#8217;Universit\u00e0 di Pisa, l\u2019Universit\u00e0 di Padova e l\u2019\u00c9cole Pratique des Hautes \u00c9tudes\u00a0di Parigi, il\u00a0<strong>centro<\/strong>\u00a0svolge un\u2019<strong>attivit\u00e0 formativa di specializzazione<\/strong>\u00a0rivolta a dottorandi e laureandi, attraverso\u00a0<strong>incontri seminariali tra i membri del centro e gli esperti degli istituti di ricerca collegati<\/strong>; svolge inoltre\u00a0un\u2019<strong>attivit\u00e0 formativa tematica<\/strong>, con\u00a0<strong>scuole settimanali a cadenza annuale<\/strong>, nelle quali un ciclo di seminari mira a diffondere tra gli specializzandi i risultati delle ricerche pi\u00f9 avanzate nel settore selezionato per ciascun ciclo. Il centro GrAL offre\u00a0<strong>borse di ricerca<\/strong>, una delle quali riservata a giovani studiosi provenienti da paesi mediterranei di lingua e cultura araba.<\/p>\r\n<\/div>\r\n\r\n\r\n\r\n<div class=\"wp-block-buttons is-layout-flex wp-block-buttons-is-layout-flex\">\r\n<div class=\"wp-block-button is-style-fill\"><a class=\"wp-block-button__link wp-element-button\"><strong>LEARN MORE ABOUT THE CENTRE GRAL<\/strong><\/a><\/div>\r\n<\/div>\r\n<\/div>\r\n\r\n\r\n\r\n<div class=\"wp-block-column is-layout-flow wp-block-column-is-layout-flow\" style=\"flex-basis: 35%;\">\r\n<div class=\"wp-block-group is-vertical is-content-justification-stretch is-nowrap is-layout-flex wp-container-core-group-is-layout-41f9fede wp-block-group-is-layout-flex\">\u00a0<\/div>\r\n<\/div>\r\n<\/div>\r\n<\/div>\r\n<\/div>\r\n\r\n\r\n\r\n<div class=\"wp-block-cover alignfull has-parallax\" style=\"min-height: 410px;aspect-ratio:unset;\">\r\n<div class=\"wp-block-cover__image-background has-parallax\" style=\"background-position: 50% 50%; background-image: url('https:\/\/s.w.org\/images\/core\/5.8\/art-01.jpg');\">\u00a0<\/div>\r\n<div class=\"wp-block-cover__inner-container is-layout-flow wp-block-cover-is-layout-flow\">\r\n<p>&nbsp;<\/p>\r\n\r\n\r\n\r\n<p>&nbsp;<\/p>\r\n\r\n\r\n\r\n<h2 class=\"wp-block-heading alignwide has-white-color has-text-color\" style=\"font-size: 48px; line-height: 1.2;\"><strong><em>Attivit\u00e0 formativa per dottorandi<\/em><\/strong><br \/><strong><em>2006\u20132026<\/em><\/strong><\/h2>\r\n\r\n\r\n\r\n<div class=\"wp-block-columns alignwide is-layout-flex wp-container-core-columns-is-layout-9d6595d7 wp-block-columns-is-layout-flex\">\r\n<div class=\"wp-block-column is-layout-flow wp-block-column-is-layout-flow\" style=\"flex-basis: 60%;\">\r\n<p class=\"has-text-color\" style=\"color: #ffffff;\">Il centro GrAL svolge un\u2019<a href=\"http:\/\/gral.unipi.it\/attivita\"><strong>attivit\u00e0 formativa di specializzazione<\/strong><\/a>\u00a0rivolta a dottorandi e laureandi, attraverso\u00a0<strong>incontri seminariali tra i membri del centro e gli esperti degli istituti di ricerca collegati<\/strong>; svolge inoltre\u00a0un\u2019<a href=\"http:\/\/gral.unipi.it\/formazione-dottorale\"><strong>attivit\u00e0 formativa tematica<\/strong><\/a>, con\u00a0<strong>scuole settimanali a cadenza annuale<\/strong>, nelle quali un ciclo di seminari mira a diffondere tra gli specializzandi i risultati delle ricerche pi\u00f9 avanzate nel settore selezionato per ciascun ciclo.<\/p>\r\n\r\n\r\n\r\n<div class=\"wp-block-group\"><div class=\"wp-block-group__inner-container is-layout-constrained wp-block-group-is-layout-constrained\">\r\n<div class=\"wp-block-columns is-style-default is-layout-flex wp-container-core-columns-is-layout-9d6595d7 wp-block-columns-is-layout-flex\">\r\n<div class=\"wp-block-column is-layout-flow wp-block-column-is-layout-flow\" style=\"flex-basis: 100%;\">\r\n<div class=\"wp-block-buttons is-layout-flex wp-block-buttons-is-layout-flex\"><\/div>\r\n<\/div>\r\n<\/div>\r\n\r\n\r\n\r\n<div class=\"wp-block-buttons is-layout-flex wp-block-buttons-is-layout-flex\">\r\n<div class=\"wp-block-button is-style-outline is-style-outline--1\"><a class=\"wp-block-button__link wp-element-button\">SETTIMANE DI FORMAZIONE DOTTORALE<\/a><\/div>\r\n\r\n\r\n\r\n<div class=\"wp-block-button is-style-outline is-style-outline--2\"><a class=\"wp-block-button__link wp-element-button\">SEMINARI <\/a><\/div>\r\n<\/div>\r\n<\/div><\/div>\r\n\r\n\r\n\r\n<p>&nbsp;<\/p>\r\n<\/div>\r\n\r\n\r\n\r\n<div class=\"wp-block-column is-layout-flow wp-block-column-is-layout-flow\">\u00a0<\/div>\r\n<\/div>\r\n<\/div>\r\n<\/div>\r\n\r\n\r\n\r\n<div class=\"wp-block-group alignfull\" style=\"margin-top: 0; margin-bottom: 0; padding-top: var(--wp--preset--spacing--50); padding-bottom: var(--wp--preset--spacing--50);\"><div class=\"wp-block-group__inner-container is-layout-constrained wp-block-group-is-layout-constrained\">\r\n<h2 class=\"wp-block-heading alignwide\"><strong>Collana GRECO ARABO LATINO<\/strong><\/h2>\r\n\r\n\r\n\r\n<div class=\"wp-block-columns alignwide is-layout-flex wp-container-core-columns-is-layout-9d6595d7 wp-block-columns-is-layout-flex\">\r\n<div class=\"wp-block-column is-layout-flow wp-block-column-is-layout-flow\">\r\n<figure class=\"wp-block-image size-full\" style=\"margin-bottom: 24px;\"><a href=\"http:\/\/gral.unipi.it\/wp-content\/uploads\/2025\/04\/orosius-PUP.jpg\"><img loading=\"lazy\" decoding=\"async\" width=\"563\" height=\"800\" class=\"wp-image-1290\" style=\"aspect-ratio: 1; object-fit: cover;\" src=\"https:\/\/gral.unipi.it\/wp-content\/uploads\/2025\/04\/orosius-PUP.jpg\" alt=\"Orosius (Pisa University Press 2024)\" srcset=\"https:\/\/gral.unipi.it\/wp-content\/uploads\/2025\/04\/orosius-PUP.jpg 563w, https:\/\/gral.unipi.it\/wp-content\/uploads\/2025\/04\/orosius-PUP-211x300.jpg 211w\" sizes=\"auto, (max-width: 563px) 100vw, 563px\" \/><\/a><\/figure>\r\n\r\n\r\n\r\n<h3 class=\"wp-block-heading\"><strong>OROSIUS SEVEN BOOKS OF HISTORIES AGAINST THE PAGANS<\/strong><\/h3>\r\n\r\n\r\n\r\n<p class=\"has-medium-font-size\">Testo arabo, traduzione inglese e commento di Marco Di Branco<\/p>\r\n<\/div>\r\n\r\n\r\n\r\n<div class=\"wp-block-column is-layout-flow wp-block-column-is-layout-flow\">\r\n<figure class=\"wp-block-image size-full\" style=\"margin-bottom: 24px;\"><a href=\"http:\/\/gral.unipi.it\/wp-content\/uploads\/2024\/08\/Plotino-Se-esistono-idee-anche-di-particolari-V-718.jpg\"><img loading=\"lazy\" decoding=\"async\" width=\"500\" height=\"735\" class=\"wp-image-1119\" style=\"aspect-ratio: 1; object-fit: cover;\" src=\"http:\/\/gral.unipi.it\/wp-content\/uploads\/2024\/08\/Plotino-Se-esistono-idee-anche-di-particolari-V-718.jpg\" alt=\"\" srcset=\"https:\/\/gral.unipi.it\/wp-content\/uploads\/2024\/08\/Plotino-Se-esistono-idee-anche-di-particolari-V-718.jpg 500w, https:\/\/gral.unipi.it\/wp-content\/uploads\/2024\/08\/Plotino-Se-esistono-idee-anche-di-particolari-V-718-204x300.jpg 204w\" sizes=\"auto, (max-width: 500px) 100vw, 500px\" \/><\/a><\/figure>\r\n\r\n\r\n\r\n<h3 class=\"wp-block-heading\"><strong>PLOTINO SE ESISTONO IDEE ANCHE DI PARTICOLARI V 7 [18]<\/strong><\/h3>\r\n\r\n\r\n\r\n<p class=\"has-medium-font-size\">Edizione del testo greco, traduzione e commento di Roberto Zucchi<\/p>\r\n<\/div>\r\n\r\n\r\n\r\n<div class=\"wp-block-column is-layout-flow wp-block-column-is-layout-flow\">\r\n<figure class=\"wp-block-image size-full\" style=\"margin-bottom: 24px;\"><a href=\"http:\/\/gral.unipi.it\/wp-content\/uploads\/2023\/06\/luno-e-lunita-576841.jpeg\"><img loading=\"lazy\" decoding=\"async\" width=\"562\" height=\"800\" class=\"wp-image-858\" style=\"aspect-ratio: 1; object-fit: cover;\" src=\"http:\/\/gral.unipi.it\/wp-content\/uploads\/2023\/06\/luno-e-lunita-576841.jpeg\" alt=\"FARABI-uno-e-unita-MARTINI\" srcset=\"https:\/\/gral.unipi.it\/wp-content\/uploads\/2023\/06\/luno-e-lunita-576841.jpeg 562w, https:\/\/gral.unipi.it\/wp-content\/uploads\/2023\/06\/luno-e-lunita-576841-211x300.jpeg 211w\" sizes=\"auto, (max-width: 562px) 100vw, 562px\" \/><\/a><\/figure>\r\n\r\n\r\n\r\n<h3 class=\"wp-block-heading\"><strong>AL-FARABI L&#8217;UNO E L&#8217;UNIT\u00e0<\/strong><\/h3>\r\n\r\n\r\n\r\n<p class=\"has-medium-font-size\">Testo arabo, traduzione e commento di Cecilia Martini Bonadeo con Sara Abram, Luca Farina, Giovanni Mandolino, Marianna Zarantonello<\/p>\r\n<\/div>\r\n<\/div>\r\n<\/div><\/div>\r\n\r\n\r\n\r\n<div class=\"wp-block-group alignfull\" style=\"margin-top: 0; margin-bottom: 0;\"><div class=\"wp-block-group__inner-container is-layout-constrained wp-block-group-is-layout-constrained\">\r\n<div class=\"wp-block-columns alignfull is-layout-flex wp-container-core-columns-is-layout-3058809c wp-block-columns-is-layout-flex\">\r\n<div class=\"wp-block-column is-layout-flow wp-block-column-is-layout-flow\" style=\"flex-basis: 55%;\">\r\n<div class=\"wp-block-cover is-light has-custom-content-position is-position-center-left wp-duotone-0d0b4a-ffffff-3\"><img loading=\"lazy\" decoding=\"async\" width=\"1024\" height=\"867\" class=\"wp-block-cover__image-background wp-image-981 size-large\" src=\"http:\/\/gral.unipi.it\/wp-content\/uploads\/2023\/11\/leone_profilo_bn-copy-1024x867.jpg\" alt=\"\" data-object-fit=\"cover\" srcset=\"https:\/\/gral.unipi.it\/wp-content\/uploads\/2023\/11\/leone_profilo_bn-copy-1024x867.jpg 1024w, https:\/\/gral.unipi.it\/wp-content\/uploads\/2023\/11\/leone_profilo_bn-copy-300x254.jpg 300w, https:\/\/gral.unipi.it\/wp-content\/uploads\/2023\/11\/leone_profilo_bn-copy-768x650.jpg 768w, https:\/\/gral.unipi.it\/wp-content\/uploads\/2023\/11\/leone_profilo_bn-copy-1536x1301.jpg 1536w, https:\/\/gral.unipi.it\/wp-content\/uploads\/2023\/11\/leone_profilo_bn-copy-2048x1734.jpg 2048w\" sizes=\"auto, (max-width: 1024px) 100vw, 1024px\" \/>\r\n<div class=\"wp-block-cover__inner-container is-layout-flow wp-block-cover-is-layout-flow\">\r\n<div class=\"wp-block-spacer\" style=\"height: var(--wp--preset--spacing--20);\" aria-hidden=\"true\">\u00a0<\/div>\r\n<\/div>\r\n<\/div>\r\n<\/div>\r\n\r\n\r\n\r\n<div class=\"wp-block-column is-vertically-aligned-center is-layout-flow wp-block-column-is-layout-flow\" style=\"padding: var(--wp--preset--spacing--60);\">\r\n<h2 class=\"wp-block-heading has-xx-large-font-size\">Mostre virtuali<\/h2>\r\n\r\n\r\n\r\n<p>Brevi percorsi guidati che presentano figure, temi e testi di un passato lontano eppure ancora presente<\/p>\r\n\r\n\r\n\r\n<p class=\"has-medium-font-size\"><strong>LEARNING THROUGH PLAY <\/strong><\/p>\r\n<\/div>\r\n<\/div>\r\n<\/div><\/div>\r\n\r\n\r\n\r\n<div class=\"wp-block-group alignfull\" style=\"margin-top: 0; margin-bottom: 0; padding-top: var(--wp--preset--spacing--50); padding-bottom: var(--wp--preset--spacing--50);\"><div class=\"wp-block-group__inner-container is-layout-constrained wp-block-group-is-layout-constrained\">\r\n<div class=\"wp-block-group alignwide is-content-justification-left\"><div class=\"wp-block-group__inner-container is-layout-constrained wp-container-core-group-is-layout-8c890d92 wp-block-group-is-layout-constrained\">\r\n<h2 class=\"wp-block-heading has-x-large-font-size\"><strong>GrAL NEWS<\/strong><\/h2>\r\n<\/div><\/div>\r\n\r\n\r\n\r\n<div class=\"wp-block-columns alignwide is-layout-flex wp-container-core-columns-is-layout-e74b71f1 wp-block-columns-is-layout-flex\" style=\"padding-top: 0; padding-bottom: 0;\">\r\n<div class=\"wp-block-column is-layout-flow wp-block-column-is-layout-flow\" style=\"padding-top: var(--wp--preset--spacing--70);\">\r\n<figure class=\"wp-block-image size-full\"><img loading=\"lazy\" decoding=\"async\" width=\"1080\" height=\"1080\" class=\"wp-image-1301\" src=\"http:\/\/gral.unipi.it\/wp-content\/uploads\/2025\/04\/Senza-titolo-4.png\" alt=\"\" srcset=\"https:\/\/gral.unipi.it\/wp-content\/uploads\/2025\/04\/Senza-titolo-4.png 1080w, https:\/\/gral.unipi.it\/wp-content\/uploads\/2025\/04\/Senza-titolo-4-300x300.png 300w, https:\/\/gral.unipi.it\/wp-content\/uploads\/2025\/04\/Senza-titolo-4-1024x1024.png 1024w, https:\/\/gral.unipi.it\/wp-content\/uploads\/2025\/04\/Senza-titolo-4-150x150.png 150w, https:\/\/gral.unipi.it\/wp-content\/uploads\/2025\/04\/Senza-titolo-4-768x768.png 768w\" sizes=\"auto, (max-width: 1080px) 100vw, 1080px\" \/><\/figure>\r\n\r\n\r\n\r\n<div class=\"wp-block-group is-vertical is-layout-flex wp-container-core-group-is-layout-b8555e18 wp-block-group-is-layout-flex\" style=\"padding-top: var(--wp--preset--spacing--30);\">\r\n<h3 class=\"wp-block-heading\" style=\"padding-top: var(--wp--preset--spacing--20);\">Sheikh Zayed Book Award al volume<br \/>Orosius. Seven books of histories against the Pagans (PUP 2024)<\/h3>\r\n<\/div>\r\n<\/div>\r\n\r\n\r\n\r\n<div class=\"wp-block-column is-layout-flow wp-block-column-is-layout-flow\" style=\"padding-top: var(--wp--preset--spacing--70);\">\r\n<figure class=\"wp-block-image size-full\"><img loading=\"lazy\" decoding=\"async\" width=\"736\" height=\"736\" class=\"wp-image-1407\" src=\"https:\/\/gral.unipi.it\/wp-content\/uploads\/2025\/09\/Screenshot-2025-09-05-at-15.42.35-edited.png\" alt=\"\" srcset=\"https:\/\/gral.unipi.it\/wp-content\/uploads\/2025\/09\/Screenshot-2025-09-05-at-15.42.35-edited.png 736w, https:\/\/gral.unipi.it\/wp-content\/uploads\/2025\/09\/Screenshot-2025-09-05-at-15.42.35-edited-300x300.png 300w, https:\/\/gral.unipi.it\/wp-content\/uploads\/2025\/09\/Screenshot-2025-09-05-at-15.42.35-edited-150x150.png 150w\" sizes=\"auto, (max-width: 736px) 100vw, 736px\" \/><\/figure>\r\n\r\n\r\n\r\n<div class=\"wp-block-group is-vertical is-layout-flex wp-container-core-group-is-layout-b8555e18 wp-block-group-is-layout-flex\" style=\"padding-top: var(--wp--preset--spacing--30);\">\r\n<h3 class=\"wp-block-heading\" style=\"padding-top: var(--wp--preset--spacing--20);\">Settimana di formazione dottorale La metafisica di Proclo e la sua influenza in greco arabo e latino<\/h3>\r\n<\/div>\r\n<\/div>\r\n\r\n\r\n\r\n<div class=\"wp-block-column is-layout-flow wp-block-column-is-layout-flow\" style=\"padding-top: var(--wp--preset--spacing--70);\">\r\n<figure class=\"wp-block-image size-full\"><img loading=\"lazy\" decoding=\"async\" width=\"842\" height=\"842\" class=\"wp-image-1405\" src=\"https:\/\/gral.unipi.it\/wp-content\/uploads\/2025\/09\/locandina-fes_2024-edited.jpg\" alt=\"PROGRAMMA\" srcset=\"https:\/\/gral.unipi.it\/wp-content\/uploads\/2025\/09\/locandina-fes_2024-edited.jpg 842w, https:\/\/gral.unipi.it\/wp-content\/uploads\/2025\/09\/locandina-fes_2024-edited-300x300.jpg 300w, https:\/\/gral.unipi.it\/wp-content\/uploads\/2025\/09\/locandina-fes_2024-edited-150x150.jpg 150w, https:\/\/gral.unipi.it\/wp-content\/uploads\/2025\/09\/locandina-fes_2024-edited-768x768.jpg 768w\" sizes=\"auto, (max-width: 842px) 100vw, 842px\" \/><\/figure>\r\n\r\n\r\n\r\n<div class=\"wp-block-group is-vertical is-layout-flex wp-container-core-group-is-layout-b8555e18 wp-block-group-is-layout-flex\" style=\"padding-top: var(--wp--preset--spacing--30);\">\r\n<h3 class=\"wp-block-heading\" style=\"padding-top: var(--wp--preset--spacing--20);\">Seminario<br \/>Th\u00e8mes et Probl\u00e8mes de Philosophie arabe m\u00e9di\u00e9vale<\/h3>\r\n<\/div>\r\n<\/div>\r\n<\/div>\r\n<\/div><\/div>\r\n","protected":false},"excerpt":{"rendered":"<p>Collana GRECO ARABO LATINO OROSIUS SEVEN BOOKS OF HISTORIES AGAINST THE PAGANS Testo arabo, traduzione inglese e commento di Marco Di Branco PLOTINO SE ESISTONO IDEE ANCHE DI PARTICOLARI V 7 [18] Edizione del testo greco, traduzione e commento di Roberto Zucchi AL-FARABI L&#8217;UNO E L&#8217;UNIT\u00e0 Testo arabo, traduzione e&hellip;<\/p>\n","protected":false},"author":1,"featured_media":40,"parent":0,"menu_order":0,"comment_status":"closed","ping_status":"closed","template":"","meta":{"footnotes":""},"class_list":["post-2","page","type-page","status-publish","has-post-thumbnail","hentry"],"_links":{"self":[{"href":"https:\/\/gral.unipi.it\/wp-json\/wp\/v2\/pages\/2","targetHints":{"allow":["GET"]}}],"collection":[{"href":"https:\/\/gral.unipi.it\/wp-json\/wp\/v2\/pages"}],"about":[{"href":"https:\/\/gral.unipi.it\/wp-json\/wp\/v2\/types\/page"}],"author":[{"embeddable":true,"href":"https:\/\/gral.unipi.it\/wp-json\/wp\/v2\/users\/1"}],"replies":[{"embeddable":true,"href":"https:\/\/gral.unipi.it\/wp-json\/wp\/v2\/comments?post=2"}],"version-history":[{"count":165,"href":"https:\/\/gral.unipi.it\/wp-json\/wp\/v2\/pages\/2\/revisions"}],"predecessor-version":[{"id":1434,"href":"https:\/\/gral.unipi.it\/wp-json\/wp\/v2\/pages\/2\/revisions\/1434"}],"wp:featuredmedia":[{"embeddable":true,"href":"https:\/\/gral.unipi.it\/wp-json\/wp\/v2\/media\/40"}],"wp:attachment":[{"href":"https:\/\/gral.unipi.it\/wp-json\/wp\/v2\/media?parent=2"}],"curies":[{"name":"wp","href":"https:\/\/api.w.org\/{rel}","templated":true}]}}